{"id":1271,"date":"2022-01-28T13:59:27","date_gmt":"2022-01-28T12:59:27","guid":{"rendered":"https:\/\/tabasamu.org\/?page_id=1271"},"modified":"2026-02-18T10:09:56","modified_gmt":"2026-02-18T09:09:56","slug":"transparenz","status":"publish","type":"page","link":"https:\/\/tabasamu.org\/en\/transparenz\/","title":{"rendered":"Transparency"},"content":{"rendered":"<div id=\"fb-root\"><\/div>\n\t\t<div data-elementor-type=\"wp-page\" data-elementor-id=\"1271\" class=\"elementor elementor-1271\">\n\t\t\t\t\t\t<section class=\"elementor-section elementor-top-section elementor-element elementor-element-701f4118 elementor-section-height-min-height elementor-hidden-mobile elementor-section-boxed elementor-section-height-default elementor-section-items-middle\" data-id=\"701f4118\" data-element_type=\"section\" data-e-type=\"section\" data-settings=\"{&quot;background_background&quot;:&quot;classic&quot;}\">\n\t\t\t\t\t\t\t<div class=\"elementor-background-overlay\"><\/div>\n\t\t\t\t\t\t\t<div class=\"elementor-container elementor-column-gap-default\">\n\t\t\t\t\t<div class=\"elementor-column elementor-col-100 elementor-top-column elementor-element elementor-element-97dc8f7\" data-id=\"97dc8f7\" data-element_type=\"column\" data-e-type=\"column\">\n\t\t\t<div class=\"elementor-widget-wrap\">\n\t\t\t\t\t\t\t<\/div>\n\t\t<\/div>\n\t\t\t\t\t<\/div>\n\t\t<\/section>\n\t\t\t\t<section class=\"elementor-section elementor-top-section elementor-element elementor-element-97975f2 elementor-hidden-desktop elementor-hidden-tablet elementor-section-boxed elementor-section-height-default elementor-section-height-default\" data-id=\"97975f2\" data-element_type=\"section\" data-e-type=\"section\">\n\t\t\t\t\t\t<div class=\"elementor-container elementor-column-gap-no\">\n\t\t\t\t\t<div class=\"elementor-column elementor-col-100 elementor-top-column elementor-element elementor-element-18f42f5\" data-id=\"18f42f5\" data-element_type=\"column\" data-e-type=\"column\">\n\t\t\t<div class=\"elementor-widget-wrap elementor-element-populated\">\n\t\t\t\t\t\t<div class=\"elementor-element elementor-element-fe1c7a0 elementor-widget elementor-widget-image\" data-id=\"fe1c7a0\" data-element_type=\"widget\" data-e-type=\"widget\" data-widget_type=\"image.default\">\n\t\t\t\t<div class=\"elementor-widget-container\">\n\t\t\t\t\t\t\t\t\t\t\t\t\t\t\t<img fetchpriority=\"high\" decoding=\"async\" width=\"750\" height=\"500\" src=\"https:\/\/tabasamu.org\/wp-content\/uploads\/2022\/01\/LOGO-ITZ.jpg\" class=\"attachment-medium_large size-medium_large wp-image-1422\" alt=\"Transparenz\" srcset=\"https:\/\/tabasamu.org\/wp-content\/uploads\/2022\/01\/LOGO-ITZ.jpg 750w, https:\/\/tabasamu.org\/wp-content\/uploads\/2022\/01\/LOGO-ITZ-300x200.jpg 300w, https:\/\/tabasamu.org\/wp-content\/uploads\/2022\/01\/LOGO-ITZ-18x12.jpg 18w\" sizes=\"(max-width: 750px) 100vw, 750px\" \/>\t\t\t\t\t\t\t\t\t\t\t\t\t\t\t<\/div>\n\t\t\t\t<\/div>\n\t\t\t\t\t<\/div>\n\t\t<\/div>\n\t\t\t\t\t<\/div>\n\t\t<\/section>\n\t\t\t\t<section class=\"elementor-section elementor-top-section elementor-element elementor-element-80a3c4a elementor-section-boxed elementor-section-height-default elementor-section-height-default\" data-id=\"80a3c4a\" data-element_type=\"section\" data-e-type=\"section\">\n\t\t\t\t\t\t<div class=\"elementor-container elementor-column-gap-default\">\n\t\t\t\t\t<div class=\"elementor-column elementor-col-100 elementor-top-column elementor-element elementor-element-4781969c\" data-id=\"4781969c\" data-element_type=\"column\" data-e-type=\"column\">\n\t\t\t<div class=\"elementor-widget-wrap elementor-element-populated\">\n\t\t\t\t\t\t<div class=\"elementor-element elementor-element-5f895623 elementor-widget elementor-widget-heading\" data-id=\"5f895623\" data-element_type=\"widget\" data-e-type=\"widget\" data-widget_type=\"heading.default\">\n\t\t\t\t<div class=\"elementor-widget-container\">\n\t\t\t\t\t<h1 class=\"elementor-heading-title elementor-size-default\">Selbstverpflichtung zur Transparenz<\/h1>\t\t\t\t<\/div>\n\t\t\t\t<\/div>\n\t\t\t\t\t<\/div>\n\t\t<\/div>\n\t\t\t\t\t<\/div>\n\t\t<\/section>\n\t\t\t\t<section class=\"elementor-section elementor-top-section elementor-element elementor-element-d9b690c elementor-section-boxed elementor-section-height-default elementor-section-height-default\" data-id=\"d9b690c\" data-element_type=\"section\" data-e-type=\"section\">\n\t\t\t\t\t\t<div class=\"elementor-container elementor-column-gap-default\">\n\t\t\t\t\t<div class=\"elementor-column elementor-col-100 elementor-top-column elementor-element elementor-element-3834d79\" data-id=\"3834d79\" data-element_type=\"column\" data-e-type=\"column\">\n\t\t\t<div class=\"elementor-widget-wrap elementor-element-populated\">\n\t\t\t\t\t\t<div class=\"elementor-element elementor-element-aaf9805 elementor-widget elementor-widget-text-editor\" data-id=\"aaf9805\" data-element_type=\"widget\" data-e-type=\"widget\" data-widget_type=\"text-editor.default\">\n\t\t\t\t<div class=\"elementor-widget-container\">\n\t\t\t\t\t\t\t\t\t<p>Zur nachhaltigen Entwicklung geh\u00f6rt Transparenz. Dementsprechend hat eine Organisation darauf zu achten, dass sie ihren Anspruchsgruppen bzw. Stakeholdern alle relevanten Informationen zug\u00e4nglich macht. Einheitliche Ver\u00f6ffentlichungspflichten f\u00fcr gemeinn\u00fctzige Organisationen gibt es in Deutschland nicht. Wer f\u00fcr das Gemeinwohl t\u00e4tig wird sollte der Gemeinschaft dennoch mitteilen, welche Ziele die Organisation anstrebt, woher die Mittel stammen, wie sie verwendet werden und wer die Entscheidungstr\u00e4ger sind.<\/p><p>Die <a href=\"https:\/\/www.transparency.de\/mitmachen\/initiative-transparente-zivilgesellschaft\/\" target=\"_blank\" rel=\"noopener\">Initiative Transparente Zivilgesellschaft<\/a> hat auf Anregung von Transparency Deutschland sowie unter Beteiligung zahlreicher anderer Akteure aus der Zivilgesellschaft und der Wissenschaft zehn grundlegende Punkte definiert, die jede zivilgesellschaftliche Organisation der \u00d6ffentlichkeit zug\u00e4nglich machen sollte.<br \/>Getragen wird die <a href=\"http:\/\/www.transparente-zivilgesellschaft.de\/\" target=\"_blank\" rel=\"noopener\">Initiative Transparente Zivilgesellschaft<\/a> von einem Tr\u00e4gerkreis bestehend aus<\/p>\t\t\t\t\t\t\t\t<\/div>\n\t\t\t\t<\/div>\n\t\t\t\t\t<\/div>\n\t\t<\/div>\n\t\t\t\t\t<\/div>\n\t\t<\/section>\n\t\t\t\t<section class=\"elementor-section elementor-top-section elementor-element elementor-element-a828342 elementor-section-boxed elementor-section-height-default elementor-section-height-default\" data-id=\"a828342\" data-element_type=\"section\" data-e-type=\"section\">\n\t\t\t\t\t\t<div class=\"elementor-container elementor-column-gap-default\">\n\t\t\t\t\t<div class=\"elementor-column elementor-col-50 elementor-top-column elementor-element elementor-element-b2cd053\" data-id=\"b2cd053\" data-element_type=\"column\" data-e-type=\"column\">\n\t\t\t<div class=\"elementor-widget-wrap elementor-element-populated\">\n\t\t\t\t\t\t<div class=\"elementor-element elementor-element-428f215 elementor-widget elementor-widget-text-editor\" data-id=\"428f215\" data-element_type=\"widget\" data-e-type=\"widget\" data-widget_type=\"text-editor.default\">\n\t\t\t\t<div class=\"elementor-widget-container\">\n\t\t\t\t\t\t\t\t\t<ul><li>Transparency International Deutschland,<\/li><li>Bundesverband Deutscher Stiftungen,<\/li><li>Deutsches Zentralinstitut f\u00fcr soziale Fragen,<\/li><li>Deutscher Fundraising Verband,<\/li><li>Deutscher Spendenrat,<\/li><li>Deutscher Kulturrat,<\/li><li>Deutscher Naturschutzring,<\/li><li>Maecenata-Institut und<\/li><li>Verband Entwicklungspolitik deutscher Nichtregierungsorganisationen.<\/li><\/ul>\t\t\t\t\t\t\t\t<\/div>\n\t\t\t\t<\/div>\n\t\t\t\t\t<\/div>\n\t\t<\/div>\n\t\t\t\t<div class=\"elementor-column elementor-col-50 elementor-top-column elementor-element elementor-element-d1c36d2\" data-id=\"d1c36d2\" data-element_type=\"column\" data-e-type=\"column\">\n\t\t\t<div class=\"elementor-widget-wrap elementor-element-populated\">\n\t\t\t\t\t\t<div class=\"elementor-element elementor-element-cd47105 elementor-widget elementor-widget-image\" data-id=\"cd47105\" data-element_type=\"widget\" data-e-type=\"widget\" data-widget_type=\"image.default\">\n\t\t\t\t<div class=\"elementor-widget-container\">\n\t\t\t\t\t\t\t\t\t\t\t\t\t\t\t\t<a href=\"http:\/\/www.transparente-zivilgesellschaft.de\/\" target=\"_blank\">\n\t\t\t\t\t\t\t<img decoding=\"async\" width=\"400\" height=\"300\" src=\"https:\/\/tabasamu.org\/wp-content\/uploads\/2022\/01\/transparenzlogo.jpg\" class=\"attachment-medium_large size-medium_large wp-image-1270\" alt=\"\" srcset=\"https:\/\/tabasamu.org\/wp-content\/uploads\/2022\/01\/transparenzlogo.jpg 400w, https:\/\/tabasamu.org\/wp-content\/uploads\/2022\/01\/transparenzlogo-300x225.jpg 300w, https:\/\/tabasamu.org\/wp-content\/uploads\/2022\/01\/transparenzlogo-16x12.jpg 16w\" sizes=\"(max-width: 400px) 100vw, 400px\" \/>\t\t\t\t\t\t\t\t<\/a>\n\t\t\t\t\t\t\t\t\t\t\t\t\t\t\t<\/div>\n\t\t\t\t<\/div>\n\t\t\t\t\t<\/div>\n\t\t<\/div>\n\t\t\t\t\t<\/div>\n\t\t<\/section>\n\t\t\t\t<section class=\"elementor-section elementor-top-section elementor-element elementor-element-c781e93 elementor-section-boxed elementor-section-height-default elementor-section-height-default\" data-id=\"c781e93\" data-element_type=\"section\" data-e-type=\"section\">\n\t\t\t\t\t\t<div class=\"elementor-container elementor-column-gap-default\">\n\t\t\t\t\t<div class=\"elementor-column elementor-col-100 elementor-top-column elementor-element elementor-element-8264768\" data-id=\"8264768\" data-element_type=\"column\" data-e-type=\"column\">\n\t\t\t<div class=\"elementor-widget-wrap elementor-element-populated\">\n\t\t\t\t\t\t<div class=\"elementor-element elementor-element-2945267 elementor-widget elementor-widget-text-editor\" data-id=\"2945267\" data-element_type=\"widget\" data-e-type=\"widget\" data-widget_type=\"text-editor.default\">\n\t\t\t\t<div class=\"elementor-widget-container\">\n\t\t\t\t\t\t\t\t\t<p>Tabasamu e.V. ist Unterzeichner der Selbstverpflichtung zur Transparenz dieser Initiative.<\/p><p>An dieser Stelle ver\u00f6ffentlichen wir alle Informationen zu den in der Selbstverpflichtung aufgef\u00fchrten Punkten. Alle Angaben beziehen sich auf den Stichtag 31.12.2025.<\/p><p><strong>1. Name, Sitz, Anschrift und Gr\u00fcndungsjahr<\/strong><\/p><p>Tabasamu e.V.<br \/>Sitz: Stuttgart<br \/>Anschrift: Johannes-Kr\u00e4mer-Stra\u00dfe 32, 70597 Stuttgart<br \/>Gr\u00fcndungsjahr: 2017<\/p><p><strong>2. Vollst\u00e4ndige Satzung sowie Angaben zu den Zielen unserer Organisation<\/strong><\/p><p><a href=\"https:\/\/tabasamu.org\/wp-content\/uploads\/2025\/08\/2025_04_07-Satzung-Tabasamu-eV-Aenderung.pdf\" target=\"_blank\" rel=\"noopener\">Zur Satzung<\/a><br \/><a href=\"https:\/\/tabasamu.org\/wp-content\/uploads\/2022\/03\/tabasamu-ziele.pdf\" target=\"_blank\" rel=\"noopener\">Zu unseren Zielen<\/a><\/p><p><strong>3. Angaben zur Steuerbeg\u00fcnstigung<\/strong><\/p><p>Unsere Arbeit ist wegen F\u00f6rderung mildt\u00e4tiger Zwecke und F\u00f6rderung der Entwicklungszusammenarbeit (\u00a752 Abs. 2 Satz 1 Nr. 15 AO) nach dem Freistellungsbescheid bzw. nach der Anlage zum K\u00f6rperschaftsteuerbescheid des Finanzamtes Stuttgart StNr 99018\/61327, vom 07. Juni 2024 nach \u00a7 5 Abs. 1 Nr. 9 des K\u00f6rperschaftsteuergesetzes von der K\u00f6rperschaftsteuer und nach \u00a7 3 Nr. 6 des Gewerbesteuergesetzes von der Gewerbesteuer befreit. Mitgliedsbeitr\u00e4ge sind wie Spenden absetzbar.<\/p><p><strong>4. Name und Funktion wesentlicher Entscheidungstr\u00e4ger<\/strong><\/p><p><strong>Vertretungsberechtigter Vorstand:<\/strong><br \/>Elke Dieterich, Stuttgart, 1. Vorstand<br \/>Tanja Reiner, M\u00fcnchen, Stellvertretender Vorstand<br \/>Sandra Graeff, Frankfurt, Schriftf\u00fchrerin<br \/>Michael M\u00e4nner, Stuttgart, Kassenwart<\/p><p><strong>5. T\u00e4tigkeitsbericht<\/strong><\/p><p><a href=\"https:\/\/tabasamu.org\/wp-content\/uploads\/2026\/02\/2025_Jahresbericht_FA.pdf\" target=\"_blank\" rel=\"noopener\">Zum Jahresbericht 2025<\/a><\/p><p><a href=\"https:\/\/tabasamu.org\/wp-content\/uploads\/2025\/05\/2024_Jahresbericht_text_final.pdf\" target=\"_blank\" rel=\"noopener\">Zum Jahresbericht 2024<\/a><\/p><p><a href=\"https:\/\/tabasamu.org\/wp-content\/uploads\/2024\/04\/2023_Jahresbericht_text.pdf\" target=\"_blank\" rel=\"noopener\">Zum Jahresbericht 2023<\/a><\/p><p><a href=\"https:\/\/tabasamu.org\/wp-content\/uploads\/2023\/03\/2022_Jahresbericht_text.pdf\" target=\"_blank\" rel=\"noopener\">Zum Jahresbericht 2022<\/a><\/p><p><a href=\"https:\/\/tabasamu.org\/wp-content\/uploads\/2022\/03\/2021_Jahresbericht_text.pdf\" target=\"_blank\" rel=\"noopener\">Annual report 2021<\/a><\/p><p><a href=\"https:\/\/tabasamu.org\/wp-content\/uploads\/2022\/03\/2020_jahresbericht_text.pdf\" target=\"_blank\" rel=\"noopener\">Annual report 2020<\/a><\/p><p><a href=\"https:\/\/tabasamu.org\/wp-content\/uploads\/2022\/03\/2019_jahresbericht_text.pdf\" target=\"_blank\" rel=\"noopener\">Annual report 2019<\/a><\/p><p><a href=\"https:\/\/tabasamu.org\/wp-content\/uploads\/2022\/03\/2018_jahresbericht_text.pdf\" target=\"_blank\" rel=\"noopener\">Annual report 2018<\/a><\/p><p><a href=\"https:\/\/tabasamu.org\/wp-content\/uploads\/2022\/03\/20_17_18_halbjahres-bericht.pdf\" target=\"_blank\" rel=\"noopener\">Zum Jahresbericht 2017\/18<\/a><\/p><p><strong>6. Personalstruktur<\/strong><\/p><p>Hauptamtliche Arbeitnehmer\/-innen: 1 Minijob<br \/>Ehrenamtliche: \u00fcber das Jahr schwankende Anzahl, jedoch zumeist nur der Vorstand\u00a0<\/p><p><strong>7. Angaben zur Mittelherkunft<\/strong><\/p><p>siehe Jahresbericht, Abschnitt \u201eSpendenvolumen\u201c<\/p><p><strong>8. Angaben zur Mittelverwendung<\/strong><\/p><p>siehe Jahresbericht, Abschnitt \u201eProjekte\u201c und \u201eAusgaben\u201c<\/p><p><strong>9. Gesellschaftsrechtliche Verbundenheit mit Dritten<\/strong><\/p><p>Unsere Organisation ist unabh\u00e4ngig, es besteht zu keiner anderen Organisation eine gesellschaftsrechtliche Verbindung.<\/p><p><strong>10. Namen von juristischen Personen, deren j\u00e4hrliche Zahlungen mehr als 10 % des Gesamtjahresbudgets ausmachen<\/strong><\/p><p>hansgrohe SE, Schiltach<\/p>\t\t\t\t\t\t\t\t<\/div>\n\t\t\t\t<\/div>\n\t\t\t\t\t<\/div>\n\t\t<\/div>\n\t\t\t\t\t<\/div>\n\t\t<\/section>\n\t\t\t\t<\/div>","protected":false},"excerpt":{"rendered":"<p>Selbstverpflichtung zur Transparenz Zur nachhaltigen Entwicklung geh\u00f6rt Transparenz. Dementsprechend hat eine Organisation darauf zu achten, dass sie ihren Anspruchsgruppen bzw. Stakeholdern alle relevanten Informationen zug\u00e4nglich macht. Einheitliche Ver\u00f6ffentlichungspflichten f\u00fcr gemeinn\u00fctzige Organisationen gibt es in Deutschland nicht. Wer f\u00fcr das Gemeinwohl t\u00e4tig wird sollte der Gemeinschaft dennoch mitteilen, welche Ziele die Organisation anstrebt, woher die Mittel [&hellip;]<\/p>\n","protected":false},"author":1,"featured_media":0,"parent":0,"menu_order":0,"comment_status":"closed","ping_status":"closed","template":"","meta":{"_seopress_robots_primary_cat":"","_seopress_titles_title":"","_seopress_titles_desc":"Tabasamu e.V. ist Unterzeichner der Selbstverpflichtung zur Transparenz der Initiative f\u00fcr Transparente Zivilgesellschaft.","_seopress_robots_index":"","site-sidebar-layout":"no-sidebar","site-content-layout":"page-builder","ast-site-content-layout":"full-width-container","site-content-style":"unboxed","site-sidebar-style":"unboxed","ast-global-header-display":"","ast-banner-title-visibility":"","ast-main-header-display":"","ast-hfb-above-header-display":"","ast-hfb-below-header-display":"","ast-hfb-mobile-header-display":"","site-post-title":"disabled","ast-breadcrumbs-content":"","ast-featured-img":"disabled","footer-sml-layout":"","ast-disable-related-posts":"","theme-transparent-header-meta":"default","adv-header-id-meta":"","stick-header-meta":"default","header-above-stick-meta":"","header-main-stick-meta":"","header-below-stick-meta":"","astra-migrate-meta-layouts":"set","ast-page-background-enabled":"default","ast-page-background-meta":{"desktop":{"background-color":"var(--ast-global-color-4)","background-image":"","background-repeat":"repeat","background-position":"center center","background-size":"auto","background-attachment":"scroll","background-type":"","background-media":"","overlay-type":"","overlay-color":"","overlay-opacity":"","overlay-gradient":""},"tablet":{"background-color":"","background-image":"","background-repeat":"repeat","background-position":"center center","background-size":"auto","background-attachment":"scroll","background-type":"","background-media":"","overlay-type":"","overlay-color":"","overlay-opacity":"","overlay-gradient":""},"mobile":{"background-color":"","background-image":"","background-repeat":"repeat","background-position":"center center","background-size":"auto","background-attachment":"scroll","background-type":"","background-media":"","overlay-type":"","overlay-color":"","overlay-opacity":"","overlay-gradient":""}},"ast-content-background-meta":{"desktop":{"background-color":"var(--ast-global-color-5)","background-image":"","background-repeat":"repeat","background-position":"center center","background-size":"auto","background-attachment":"scroll","background-type":"","background-media":"","overlay-type":"","overlay-color":"","overlay-opacity":"","overlay-gradient":""},"tablet":{"background-color":"var(--ast-global-color-5)","background-image":"","background-repeat":"repeat","background-position":"center center","background-size":"auto","background-attachment":"scroll","background-type":"","background-media":"","overlay-type":"","overlay-color":"","overlay-opacity":"","overlay-gradient":""},"mobile":{"background-color":"var(--ast-global-color-5)","background-image":"","background-repeat":"repeat","background-position":"center center","background-size":"auto","background-attachment":"scroll","background-type":"","background-media":"","overlay-type":"","overlay-color":"","overlay-opacity":"","overlay-gradient":""}},"footnotes":""},"class_list":["post-1271","page","type-page","status-publish","hentry"],"_links":{"self":[{"href":"https:\/\/tabasamu.org\/en\/wp-json\/wp\/v2\/pages\/1271","targetHints":{"allow":["GET"]}}],"collection":[{"href":"https:\/\/tabasamu.org\/en\/wp-json\/wp\/v2\/pages"}],"about":[{"href":"https:\/\/tabasamu.org\/en\/wp-json\/wp\/v2\/types\/page"}],"author":[{"embeddable":true,"href":"https:\/\/tabasamu.org\/en\/wp-json\/wp\/v2\/users\/1"}],"replies":[{"embeddable":true,"href":"https:\/\/tabasamu.org\/en\/wp-json\/wp\/v2\/comments?post=1271"}],"version-history":[{"count":29,"href":"https:\/\/tabasamu.org\/en\/wp-json\/wp\/v2\/pages\/1271\/revisions"}],"predecessor-version":[{"id":5315,"href":"https:\/\/tabasamu.org\/en\/wp-json\/wp\/v2\/pages\/1271\/revisions\/5315"}],"wp:attachment":[{"href":"https:\/\/tabasamu.org\/en\/wp-json\/wp\/v2\/media?parent=1271"}],"curies":[{"name":"wp","href":"https:\/\/api.w.org\/{rel}","templated":true}]}}